{"id":2,"date":"2011-08-31T23:27:33","date_gmt":"2011-08-31T23:27:33","guid":{"rendered":"http:\/\/www.stockholmsftf.se\/?page_id=2"},"modified":"2011-09-01T08:38:47","modified_gmt":"2011-09-01T08:38:47","slug":"sample-page","status":"publish","type":"page","link":"https:\/\/www.stockholmsftf.se\/","title":{"rendered":"Om f\u00f6reningen"},"content":{"rendered":"<p>Stockholms FTF, f\u00f6reningen f\u00f6r tidigare framst\u00e5ende friidrottare, bildades v\u00e5ren 2004 av tidigare medlemmar fr\u00e5n framf\u00f6rallt \u00d6sterhaninge IF och S\u00f6dert\u00f6rns FF. Bilden \u00e4r fr\u00e5n KM i femkamp 2006 p\u00e5 Torvalla IP.<\/p>\n<p><a href=\"https:\/\/www.stockholmsftf.se\/wp-content\/uploads\/2011\/08\/lagbild2.jpg\"><img decoding=\"async\" loading=\"lazy\" class=\"alignnone size-full wp-image-6\" title=\"lagbild2\" src=\"https:\/\/www.stockholmsftf.se\/wp-content\/uploads\/2011\/08\/lagbild2.jpg\" alt=\"\" width=\"480\" height=\"360\" \/><\/a><\/p>\n<p>&nbsp;<\/p>\n","protected":false},"excerpt":{"rendered":"<p>Stockholms FTF, f\u00f6reningen f\u00f6r tidigare framst\u00e5ende friidrottare, bildades v\u00e5ren 2004 av tidigare medlemmar fr\u00e5n framf\u00f6rallt \u00d6sterhaninge IF och S\u00f6dert\u00f6rns FF. Bilden \u00e4r fr\u00e5n KM i femkamp 2006 p\u00e5 Torvalla IP. &nbsp;<\/p>\n","protected":false},"author":1,"featured_media":0,"parent":0,"menu_order":0,"comment_status":"open","ping_status":"open","template":"","meta":[],"_links":{"self":[{"href":"https:\/\/www.stockholmsftf.se\/index.php?rest_route=\/wp\/v2\/pages\/2"}],"collection":[{"href":"https:\/\/www.stockholmsftf.se\/index.php?rest_route=\/wp\/v2\/pages"}],"about":[{"href":"https:\/\/www.stockholmsftf.se\/index.php?rest_route=\/wp\/v2\/types\/page"}],"author":[{"embeddable":true,"href":"https:\/\/www.stockholmsftf.se\/index.php?rest_route=\/wp\/v2\/users\/1"}],"replies":[{"embeddable":true,"href":"https:\/\/www.stockholmsftf.se\/index.php?rest_route=%2Fwp%2Fv2%2Fcomments&post=2"}],"version-history":[{"count":2,"href":"https:\/\/www.stockholmsftf.se\/index.php?rest_route=\/wp\/v2\/pages\/2\/revisions"}],"predecessor-version":[{"id":5,"href":"https:\/\/www.stockholmsftf.se\/index.php?rest_route=\/wp\/v2\/pages\/2\/revisions\/5"}],"wp:attachment":[{"href":"https:\/\/www.stockholmsftf.se\/index.php?rest_route=%2Fwp%2Fv2%2Fmedia&parent=2"}],"curies":[{"name":"wp","href":"https:\/\/api.w.org\/{rel}","templated":true}]}}