{"id":10,"date":"2011-09-01T10:57:40","date_gmt":"2011-09-01T08:57:40","guid":{"rendered":"http:\/\/www.stockholmsftf.se\/?page_id=10"},"modified":"2011-09-01T10:57:40","modified_gmt":"2011-09-01T08:57:40","slug":"resultat","status":"publish","type":"page","link":"https:\/\/www.stockholmsftf.se\/?page_id=10","title":{"rendered":"Resultat"},"content":{"rendered":"<p>H\u00e4r kommer vi l\u00e4gga till t\u00e4vlingsresultat<\/p>\n","protected":false},"excerpt":{"rendered":"<p>H\u00e4r kommer vi l\u00e4gga till t\u00e4vlingsresultat<\/p>\n","protected":false},"author":1,"featured_media":0,"parent":0,"menu_order":0,"comment_status":"open","ping_status":"open","template":"","meta":[],"_links":{"self":[{"href":"https:\/\/www.stockholmsftf.se\/index.php?rest_route=\/wp\/v2\/pages\/10"}],"collection":[{"href":"https:\/\/www.stockholmsftf.se\/index.php?rest_route=\/wp\/v2\/pages"}],"about":[{"href":"https:\/\/www.stockholmsftf.se\/index.php?rest_route=\/wp\/v2\/types\/page"}],"author":[{"embeddable":true,"href":"https:\/\/www.stockholmsftf.se\/index.php?rest_route=\/wp\/v2\/users\/1"}],"replies":[{"embeddable":true,"href":"https:\/\/www.stockholmsftf.se\/index.php?rest_route=%2Fwp%2Fv2%2Fcomments&post=10"}],"version-history":[{"count":2,"href":"https:\/\/www.stockholmsftf.se\/index.php?rest_route=\/wp\/v2\/pages\/10\/revisions"}],"predecessor-version":[{"id":12,"href":"https:\/\/www.stockholmsftf.se\/index.php?rest_route=\/wp\/v2\/pages\/10\/revisions\/12"}],"wp:attachment":[{"href":"https:\/\/www.stockholmsftf.se\/index.php?rest_route=%2Fwp%2Fv2%2Fmedia&parent=10"}],"curies":[{"name":"wp","href":"https:\/\/api.w.org\/{rel}","templated":true}]}}